{"id":3198,"date":"2024-03-22T18:51:48","date_gmt":"2024-03-22T18:51:48","guid":{"rendered":"https:\/\/nostalgic-nash.138-201-132-86.plesk.page\/transferencia-de-dinero\/"},"modified":"2024-05-23T18:14:23","modified_gmt":"2024-05-23T18:14:23","slug":"transferencia-de-dinero","status":"publish","type":"page","link":"https:\/\/paul-international.net\/es\/transferencia-de-dinero\/","title":{"rendered":"Transferencia de dinero"},"content":{"rendered":"\t\t<div data-elementor-type=\"wp-page\" data-elementor-id=\"3198\" class=\"elementor elementor-3198 elementor-2271\" data-elementor-post-type=\"page\">\n\t\t\t\t<div class=\"elementor-element elementor-element-5967452 e-flex e-con-boxed e-con e-parent\" data-id=\"5967452\" data-element_type=\"container\" data-settings=\"{&quot;background_background&quot;:&quot;classic&quot;}\">\n\t\t\t\t\t<div class=\"e-con-inner\">\n\t\t<div class=\"elementor-element elementor-element-fc79d76 e-flex e-con-boxed e-con e-child\" data-id=\"fc79d76\" data-element_type=\"container\">\n\t\t\t\t\t<div class=\"e-con-inner\">\n\t\t\t\t<div class=\"elementor-element elementor-element-01157f4 elementor-widget elementor-widget-heading\" data-id=\"01157f4\" data-element_type=\"widget\" data-widget_type=\"heading.default\">\n\t\t\t\t\t<h5 class=\"elementor-heading-title elementor-size-default\">Transferencia de dinero<\/h5>\t\t\t\t<\/div>\n\t\t\t\t<div class=\"elementor-element elementor-element-5dba4d4 elementor-widget elementor-widget-heading\" data-id=\"5dba4d4\" data-element_type=\"widget\" data-widget_type=\"heading.default\">\n\t\t\t\t\t<h1 class=\"elementor-heading-title elementor-size-default\">F\u00e1cil transferencia al extranjero<\/h1>\t\t\t\t<\/div>\n\t\t\t\t\t<\/div>\n\t\t\t\t<\/div>\n\t\t\t\t\t<\/div>\n\t\t\t\t<\/div>\n\t\t<div class=\"elementor-element elementor-element-8c6e72c e-flex e-con-boxed e-con e-parent\" data-id=\"8c6e72c\" data-element_type=\"container\">\n\t\t\t\t\t<div class=\"e-con-inner\">\n\t\t<div class=\"elementor-element elementor-element-8f64bf6 e-flex e-con-boxed e-con e-child\" data-id=\"8f64bf6\" data-element_type=\"container\">\n\t\t\t\t\t<div class=\"e-con-inner\">\n\t\t\t\t<div class=\"elementor-element elementor-element-f486e66 elementor-widget elementor-widget-html\" data-id=\"f486e66\" data-element_type=\"widget\" data-widget_type=\"html.default\">\n\t\t\t\t\t<iframe id=\"blockrandom\" name=\"iframe\" src=\"https:\/\/www.currenciesdirect.com\/aff\/v1\/paul-international-consultants-de.php\" width=\"100%\" height=\"2000\" scrolling=\"auto\" frameborder=\"0\" title=\"Transferir dinero al extranjero: C\u00f3mo ahorrar en tus transferencias internacionales\" class=\"wrapper\">\n \u00a1Esta opci\u00f3n no funcionar\u00e1 correctamente porque el navegador web que est\u00e1 utilizando actualmente no admite marcos en l\u00ednea! <\/iframe>\t\t\t\t<\/div>\n\t\t\t\t\t<\/div>\n\t\t\t\t<\/div>\n\t\t\t\t\t<\/div>\n\t\t\t\t<\/div>\n\t\t\t\t<\/div>\n\t\t","protected":false},"excerpt":{"rendered":"<p>Transferencia de dinero F\u00e1cil transferencia al extranjero \u00a1Esta opci\u00f3n no funcionar\u00e1 correctamente porque el navegador web que est\u00e1 utilizando actualmente no admite marcos en l\u00ednea!<\/p>\n","protected":false},"author":2,"featured_media":0,"parent":0,"menu_order":0,"comment_status":"closed","ping_status":"closed","template":"","meta":{"_acf_changed":false,"footnotes":""},"class_list":["post-3198","page","type-page","status-publish","hentry"],"acf":[],"_links":{"self":[{"href":"https:\/\/paul-international.net\/es\/wp-json\/wp\/v2\/pages\/3198","targetHints":{"allow":["GET"]}}],"collection":[{"href":"https:\/\/paul-international.net\/es\/wp-json\/wp\/v2\/pages"}],"about":[{"href":"https:\/\/paul-international.net\/es\/wp-json\/wp\/v2\/types\/page"}],"author":[{"embeddable":true,"href":"https:\/\/paul-international.net\/es\/wp-json\/wp\/v2\/users\/2"}],"replies":[{"embeddable":true,"href":"https:\/\/paul-international.net\/es\/wp-json\/wp\/v2\/comments?post=3198"}],"version-history":[{"count":1,"href":"https:\/\/paul-international.net\/es\/wp-json\/wp\/v2\/pages\/3198\/revisions"}],"predecessor-version":[{"id":3199,"href":"https:\/\/paul-international.net\/es\/wp-json\/wp\/v2\/pages\/3198\/revisions\/3199"}],"wp:attachment":[{"href":"https:\/\/paul-international.net\/es\/wp-json\/wp\/v2\/media?parent=3198"}],"curies":[{"name":"wp","href":"https:\/\/api.w.org\/{rel}","templated":true}]}}