{"id":3196,"date":"2024-03-22T18:51:48","date_gmt":"2024-03-22T18:51:48","guid":{"rendered":"https:\/\/nostalgic-nash.138-201-132-86.plesk.page\/transferencia-de-dinheiro\/"},"modified":"2024-05-23T18:13:43","modified_gmt":"2024-05-23T18:13:43","slug":"transferencia-de-dinheiro","status":"publish","type":"page","link":"https:\/\/paul-international.net\/pt-pt\/transferencia-de-dinheiro\/","title":{"rendered":"Transfer\u00eancia de dinheiro"},"content":{"rendered":"\t\t<div data-elementor-type=\"wp-page\" data-elementor-id=\"3196\" class=\"elementor elementor-3196 elementor-2271\" data-elementor-post-type=\"page\">\n\t\t\t\t<div class=\"elementor-element elementor-element-5967452 e-flex e-con-boxed e-con e-parent\" data-id=\"5967452\" data-element_type=\"container\" data-settings=\"{&quot;background_background&quot;:&quot;classic&quot;}\">\n\t\t\t\t\t<div class=\"e-con-inner\">\n\t\t<div class=\"elementor-element elementor-element-fc79d76 e-flex e-con-boxed e-con e-child\" data-id=\"fc79d76\" data-element_type=\"container\">\n\t\t\t\t\t<div class=\"e-con-inner\">\n\t\t\t\t<div class=\"elementor-element elementor-element-01157f4 elementor-widget elementor-widget-heading\" data-id=\"01157f4\" data-element_type=\"widget\" data-widget_type=\"heading.default\">\n\t\t\t\t\t<h5 class=\"elementor-heading-title elementor-size-default\">Transfer\u00eancia de dinheiro<\/h5>\t\t\t\t<\/div>\n\t\t\t\t<div class=\"elementor-element elementor-element-5dba4d4 elementor-widget elementor-widget-heading\" data-id=\"5dba4d4\" data-element_type=\"widget\" data-widget_type=\"heading.default\">\n\t\t\t\t\t<h1 class=\"elementor-heading-title elementor-size-default\">Transfer\u00eancia f\u00e1cil para o exterior<\/h1>\t\t\t\t<\/div>\n\t\t\t\t\t<\/div>\n\t\t\t\t<\/div>\n\t\t\t\t\t<\/div>\n\t\t\t\t<\/div>\n\t\t<div class=\"elementor-element elementor-element-8c6e72c e-flex e-con-boxed e-con e-parent\" data-id=\"8c6e72c\" data-element_type=\"container\">\n\t\t\t\t\t<div class=\"e-con-inner\">\n\t\t<div class=\"elementor-element elementor-element-8f64bf6 e-flex e-con-boxed e-con e-child\" data-id=\"8f64bf6\" data-element_type=\"container\">\n\t\t\t\t\t<div class=\"e-con-inner\">\n\t\t\t\t<div class=\"elementor-element elementor-element-f486e66 elementor-widget elementor-widget-html\" data-id=\"f486e66\" data-element_type=\"widget\" data-widget_type=\"html.default\">\n\t\t\t\t\t<iframe id=\"blockrandom\" name=\"iframe\" src=\"https:\/\/www.currenciesdirect.com\/aff\/v1\/paul-international-consultants-de.php\" width=\"100%\" height=\"2000\" scrolling=\"auto\" frameborder=\"0\" title=\"Transferindo dinheiro para o exterior: como economizar em suas transfer\u00eancias internacionais\" class=\"wrapper\">\n Esta op\u00e7\u00e3o n\u00e3o funcionar\u00e1 corretamente porque o navegador que voc\u00ea est\u00e1 usando atualmente n\u00e3o suporta frames embutidos! <\/iframe>\t\t\t\t<\/div>\n\t\t\t\t\t<\/div>\n\t\t\t\t<\/div>\n\t\t\t\t\t<\/div>\n\t\t\t\t<\/div>\n\t\t\t\t<\/div>\n\t\t","protected":false},"excerpt":{"rendered":"<p>Transfer\u00eancia de dinheiro Transfer\u00eancia f\u00e1cil para o exterior Esta op\u00e7\u00e3o n\u00e3o funcionar\u00e1 corretamente porque o navegador que voc\u00ea est\u00e1 usando atualmente n\u00e3o suporta frames embutidos!<\/p>\n","protected":false},"author":2,"featured_media":0,"parent":0,"menu_order":0,"comment_status":"closed","ping_status":"closed","template":"","meta":{"_acf_changed":false,"footnotes":""},"class_list":["post-3196","page","type-page","status-publish","hentry"],"acf":[],"_links":{"self":[{"href":"https:\/\/paul-international.net\/pt-pt\/wp-json\/wp\/v2\/pages\/3196","targetHints":{"allow":["GET"]}}],"collection":[{"href":"https:\/\/paul-international.net\/pt-pt\/wp-json\/wp\/v2\/pages"}],"about":[{"href":"https:\/\/paul-international.net\/pt-pt\/wp-json\/wp\/v2\/types\/page"}],"author":[{"embeddable":true,"href":"https:\/\/paul-international.net\/pt-pt\/wp-json\/wp\/v2\/users\/2"}],"replies":[{"embeddable":true,"href":"https:\/\/paul-international.net\/pt-pt\/wp-json\/wp\/v2\/comments?post=3196"}],"version-history":[{"count":1,"href":"https:\/\/paul-international.net\/pt-pt\/wp-json\/wp\/v2\/pages\/3196\/revisions"}],"predecessor-version":[{"id":3197,"href":"https:\/\/paul-international.net\/pt-pt\/wp-json\/wp\/v2\/pages\/3196\/revisions\/3197"}],"wp:attachment":[{"href":"https:\/\/paul-international.net\/pt-pt\/wp-json\/wp\/v2\/media?parent=3196"}],"curies":[{"name":"wp","href":"https:\/\/api.w.org\/{rel}","templated":true}]}}