{"id":4363,"date":"2024-07-15T19:14:15","date_gmt":"2024-07-15T19:14:15","guid":{"rendered":"https:\/\/paul-international.net\/obrigado\/"},"modified":"2024-07-15T19:18:47","modified_gmt":"2024-07-15T19:18:47","slug":"obrigado","status":"publish","type":"page","link":"https:\/\/paul-international.net\/pt-pt\/obrigado\/","title":{"rendered":"Obrigado"},"content":{"rendered":"\t\t<div data-elementor-type=\"wp-page\" data-elementor-id=\"4363\" class=\"elementor elementor-4363 elementor-4356\" data-elementor-post-type=\"page\">\n\t\t\t\t<div class=\"elementor-element elementor-element-a595d39 e-flex e-con-boxed e-con e-parent\" data-id=\"a595d39\" data-element_type=\"container\" data-settings=\"{&quot;background_background&quot;:&quot;classic&quot;}\">\n\t\t\t\t\t<div class=\"e-con-inner\">\n\t\t<div class=\"elementor-element elementor-element-3e80876 e-flex e-con-boxed e-con e-child\" data-id=\"3e80876\" data-element_type=\"container\">\n\t\t\t\t\t<div class=\"e-con-inner\">\n\t\t\t\t<div class=\"elementor-element elementor-element-5fba4f8 elementor-widget elementor-widget-heading\" data-id=\"5fba4f8\" data-element_type=\"widget\" data-widget_type=\"heading.default\">\n\t\t\t\t\t<h5 class=\"elementor-heading-title elementor-size-default\">Obrigado<\/h5>\t\t\t\t<\/div>\n\t\t\t\t<div class=\"elementor-element elementor-element-5932be7 elementor-widget elementor-widget-heading\" data-id=\"5932be7\" data-element_type=\"widget\" data-widget_type=\"heading.default\">\n\t\t\t\t\t<h1 class=\"elementor-heading-title elementor-size-default\">Recebemos sua solicita\u00e7\u00e3o e entraremos em contato o mais breve poss\u00edvel.<\/h1>\t\t\t\t<\/div>\n\t\t<div class=\"elementor-element elementor-element-abe9df5 e-flex e-con-boxed e-con e-child\" data-id=\"abe9df5\" data-element_type=\"container\">\n\t\t\t\t\t<div class=\"e-con-inner\">\n\t\t\t\t<div class=\"elementor-element elementor-element-7782130 elementor-widget elementor-widget-button\" data-id=\"7782130\" data-element_type=\"widget\" data-widget_type=\"button.default\">\n\t\t\t\t\t\t\t\t\t\t<a class=\"elementor-button elementor-button-link elementor-size-sm\" href=\"https:\/\/paul-international.net\/pt-pt\/\">\n\t\t\t\t\t\t<span class=\"elementor-button-content-wrapper\">\n\t\t\t\t\t\t\t\t\t<span class=\"elementor-button-text\">Para a p\u00e1gina inicial<\/span>\n\t\t\t\t\t<\/span>\n\t\t\t\t\t<\/a>\n\t\t\t\t\t\t\t\t<\/div>\n\t\t\t\t\t<\/div>\n\t\t\t\t<\/div>\n\t\t\t\t\t<\/div>\n\t\t\t\t<\/div>\n\t\t\t\t\t<\/div>\n\t\t\t\t<\/div>\n\t\t\t\t<\/div>\n\t\t","protected":false},"excerpt":{"rendered":"<p>Obrigado Recebemos sua solicita\u00e7\u00e3o e entraremos em contato o mais breve poss\u00edvel. Para a p\u00e1gina inicial<\/p>\n","protected":false},"author":2,"featured_media":0,"parent":0,"menu_order":0,"comment_status":"closed","ping_status":"closed","template":"","meta":{"_acf_changed":false,"footnotes":""},"class_list":["post-4363","page","type-page","status-publish","hentry"],"acf":[],"_links":{"self":[{"href":"https:\/\/paul-international.net\/pt-pt\/wp-json\/wp\/v2\/pages\/4363","targetHints":{"allow":["GET"]}}],"collection":[{"href":"https:\/\/paul-international.net\/pt-pt\/wp-json\/wp\/v2\/pages"}],"about":[{"href":"https:\/\/paul-international.net\/pt-pt\/wp-json\/wp\/v2\/types\/page"}],"author":[{"embeddable":true,"href":"https:\/\/paul-international.net\/pt-pt\/wp-json\/wp\/v2\/users\/2"}],"replies":[{"embeddable":true,"href":"https:\/\/paul-international.net\/pt-pt\/wp-json\/wp\/v2\/comments?post=4363"}],"version-history":[{"count":1,"href":"https:\/\/paul-international.net\/pt-pt\/wp-json\/wp\/v2\/pages\/4363\/revisions"}],"predecessor-version":[{"id":4364,"href":"https:\/\/paul-international.net\/pt-pt\/wp-json\/wp\/v2\/pages\/4363\/revisions\/4364"}],"wp:attachment":[{"href":"https:\/\/paul-international.net\/pt-pt\/wp-json\/wp\/v2\/media?parent=4363"}],"curies":[{"name":"wp","href":"https:\/\/api.w.org\/{rel}","templated":true}]}}