{"id":4608,"date":"2024-10-18T13:21:47","date_gmt":"2024-10-18T13:21:47","guid":{"rendered":"https:\/\/paul-international.net\/obrigado-boletim-informativo\/"},"modified":"2024-10-18T13:26:34","modified_gmt":"2024-10-18T13:26:34","slug":"obrigado-boletim-informativo","status":"publish","type":"page","link":"https:\/\/paul-international.net\/pt-pt\/obrigado-boletim-informativo\/","title":{"rendered":"Obrigado &#8211; Boletim Informativo"},"content":{"rendered":"\t\t<div data-elementor-type=\"wp-page\" data-elementor-id=\"4608\" class=\"elementor elementor-4608 elementor-4598\" data-elementor-post-type=\"page\">\n\t\t\t\t<div class=\"elementor-element elementor-element-ad4f025 e-flex e-con-boxed e-con e-parent\" data-id=\"ad4f025\" data-element_type=\"container\" data-settings=\"{&quot;background_background&quot;:&quot;classic&quot;}\">\n\t\t\t\t\t<div class=\"e-con-inner\">\n\t\t<div class=\"elementor-element elementor-element-a8e1cfa e-flex e-con-boxed e-con e-child\" data-id=\"a8e1cfa\" data-element_type=\"container\">\n\t\t\t\t\t<div class=\"e-con-inner\">\n\t\t\t\t<div class=\"elementor-element elementor-element-5e1470b elementor-widget elementor-widget-heading\" data-id=\"5e1470b\" data-element_type=\"widget\" data-widget_type=\"heading.default\">\n\t\t\t\t\t<h5 class=\"elementor-heading-title elementor-size-default\">Obrigado<\/h5>\t\t\t\t<\/div>\n\t\t\t\t<div class=\"elementor-element elementor-element-6cbb113 elementor-widget elementor-widget-heading\" data-id=\"6cbb113\" data-element_type=\"widget\" data-widget_type=\"heading.default\">\n\t\t\t\t\t<h1 class=\"elementor-heading-title elementor-size-default\">Obrigado por assinar nossa newsletter! Para garantir que voc\u00ea seja adicionado \u00e0 nossa lista, pedimos que voc\u00ea confirme o link de verifica\u00e7\u00e3o em seu e-mail. <\/h1>\t\t\t\t<\/div>\n\t\t<div class=\"elementor-element elementor-element-d0fd03c e-flex e-con-boxed e-con e-child\" data-id=\"d0fd03c\" data-element_type=\"container\">\n\t\t\t\t\t<div class=\"e-con-inner\">\n\t\t\t\t<div class=\"elementor-element elementor-element-30a33b1 elementor-widget elementor-widget-button\" data-id=\"30a33b1\" data-element_type=\"widget\" data-widget_type=\"button.default\">\n\t\t\t\t\t\t\t\t\t\t<a class=\"elementor-button elementor-button-link elementor-size-sm\" href=\"https:\/\/paul-international.net\/pt-pt\/\">\n\t\t\t\t\t\t<span class=\"elementor-button-content-wrapper\">\n\t\t\t\t\t\t\t\t\t<span class=\"elementor-button-text\">Para a p\u00e1gina inicial<\/span>\n\t\t\t\t\t<\/span>\n\t\t\t\t\t<\/a>\n\t\t\t\t\t\t\t\t<\/div>\n\t\t\t\t\t<\/div>\n\t\t\t\t<\/div>\n\t\t\t\t\t<\/div>\n\t\t\t\t<\/div>\n\t\t\t\t\t<\/div>\n\t\t\t\t<\/div>\n\t\t\t\t<\/div>\n\t\t","protected":false},"excerpt":{"rendered":"<p>Obrigado Obrigado por assinar nossa newsletter! Para garantir que voc\u00ea seja adicionado \u00e0 nossa lista, pedimos que voc\u00ea confirme o link de verifica\u00e7\u00e3o em seu e-mail. Para a p\u00e1gina inicial<\/p>\n","protected":false},"author":2,"featured_media":0,"parent":0,"menu_order":0,"comment_status":"closed","ping_status":"closed","template":"","meta":{"_acf_changed":false,"footnotes":""},"class_list":["post-4608","page","type-page","status-publish","hentry"],"acf":[],"_links":{"self":[{"href":"https:\/\/paul-international.net\/pt-pt\/wp-json\/wp\/v2\/pages\/4608","targetHints":{"allow":["GET"]}}],"collection":[{"href":"https:\/\/paul-international.net\/pt-pt\/wp-json\/wp\/v2\/pages"}],"about":[{"href":"https:\/\/paul-international.net\/pt-pt\/wp-json\/wp\/v2\/types\/page"}],"author":[{"embeddable":true,"href":"https:\/\/paul-international.net\/pt-pt\/wp-json\/wp\/v2\/users\/2"}],"replies":[{"embeddable":true,"href":"https:\/\/paul-international.net\/pt-pt\/wp-json\/wp\/v2\/comments?post=4608"}],"version-history":[{"count":1,"href":"https:\/\/paul-international.net\/pt-pt\/wp-json\/wp\/v2\/pages\/4608\/revisions"}],"predecessor-version":[{"id":4609,"href":"https:\/\/paul-international.net\/pt-pt\/wp-json\/wp\/v2\/pages\/4608\/revisions\/4609"}],"wp:attachment":[{"href":"https:\/\/paul-international.net\/pt-pt\/wp-json\/wp\/v2\/media?parent=4608"}],"curies":[{"name":"wp","href":"https:\/\/api.w.org\/{rel}","templated":true}]}}